{"id":17,"date":"2020-04-13T11:19:19","date_gmt":"2020-04-13T11:19:19","guid":{"rendered":"http:\/\/www.chatkaornitologa.pl\/?page_id=17"},"modified":"2020-05-23T11:26:26","modified_gmt":"2020-05-23T11:26:26","slug":"historia","status":"publish","type":"page","link":"http:\/\/www.chatkaornitologa.pl\/?page_id=17","title":{"rendered":"1995"},"content":{"rendered":"\n<p><font size=\"2\" face=\"Verdana, Arial, New Times Roman\" color=\"#004A00\">&nbsp;&nbsp;&nbsp;Pierwszy raz zobaczyli\u015bmy Chatk\u0119 jesieni\u0105 1994 podczas wytyczania pieszego szlaku turystycznego z Rudy Komorskiej do L\u0105dku. Okaza\u0142o si\u0119, \u017ce budynek i ca\u0142e obej\u015bcie w \u017cadnym stopniu nie mo\u017ce spe\u0142nia\u0107 roli schroniska, a zako\u0144czony niedawno remont zosta\u0142 wykonany nierzetelnie i bardzo nieprofesjonalnie, \u017ceby nie u\u017cywa\u0107 s\u0142\u00f3w nieparlamentarnych.<br>&nbsp;&nbsp;&nbsp;Obecno\u015b\u0107 PTTK w Chatce (tak na powa\u017cnie) zacz\u0119\u0142a si\u0119 w 1995 roku<br>(Zdj\u0119cia poni\u017cej zosta\u0142y wykonane w styczniu 1995 roku)<\/font><\/p>\n<img decoding=\"async\" src=\"http:\/\/www.chatkaornitologa.pl\/wp-content\/uploads\/2020\/04\/02-0007_94.jpg\" alt=\"stycze\u0144 1995\" width=\"650\" \/><\/br>\n<img decoding=\"async\" src=\"http:\/\/www.chatkaornitologa.pl\/wp-content\/uploads\/2020\/04\/02-0007_89.jpg\" alt=\"stycze\u0144 1995\" width=\"650\" \/><\/br><img decoding=\"async\" src=\"http:\/\/www.chatkaornitologa.pl\/wp-content\/uploads\/2020\/04\/02-0007_88.jpg\" alt=\"stycze\u0144 1995\" width=\"650\" \/><hr>\n\n\n\n<p><font size=\"2\" face=\"Verdana, Arial, New Times Roman\" color=\"#004A00\">&nbsp;&nbsp;&nbsp;Miesi\u0105c p\u00f3\u017aniej pierwszy raz nocowali\u015bmy w Chatce. By\u0142 to ostatni z Rajd\u00f3w Zimowych, tym razem nie pod namiotami w lesie w okolicach Grod\u017aca,<\/br>a w surowych warunkach w\u015br\u00f3d pustych \u015bcian Chatki.<br>(Zdj\u0119cia poni\u017cej zosta\u0142y wykonane w lutym 1995 roku)<\/font><\/p>\n<img decoding=\"async\" src=\"http:\/\/www.chatkaornitologa.pl\/wp-content\/uploads\/2020\/04\/02-7190_61.jpg\" alt=\"luty 1995\" width=\"650\" \/><\/br><img decoding=\"async\" src=\"http:\/\/www.chatkaornitologa.pl\/wp-content\/uploads\/2020\/04\/02-7190_60.jpg\" alt=\"luty 1995\" width=\"650\" \/><hr>\n\n\n\n<p><font size=\"2\" face=\"Verdana, Arial, New Times Roman\" color=\"#004A00\">&nbsp;&nbsp;&nbsp;Z wiosn\u0105 zacz\u0119\u0142a si\u0119 intensywna praca. By\u0142o jej mn\u00f3stwo, wykonywanej przede wszystkim w &#8222;czynie spo\u0142ecznym&#8221;. Spora grupa os\u00f3b zwi\u0105zanych z koni\u0144skim Oddzia\u0142em PTTK, znajomych, przyjaci\u00f3\u0142, po\u015bwi\u0119cali sw\u00f3j czas i si\u0142y naprawiaj\u0105c, poprawiaj\u0105c, buduj\u0105c, tworz\u0105c nowy wygl\u0105d i standard obiektu. Poniewa\u017c wi\u0119kszo\u015b\u0107 remont\u00f3w wykonywali\u015bmy w czasie weekend\u00f3w i dni wolnych, pracowali\u015bmy kilka lat, ale nawet po zako\u0144czeniu remontu zawsze pojawia\u0142o i pojawia si\u0119 co\u015b do zrobienia.<\/br>&nbsp;&nbsp;&nbsp;Nie spos\u00f3b pokaza\u0107 w tym miejscu wszystkich wykonywanych prac<\/br>i wszystkich os\u00f3b, kt\u00f3re wzi\u0119\u0142y w nich udzia\u0142 dlatego pokazujemy tylko kilka: osuszanie przyziemia budynku, budowa bramy wjazdowej, pog\u0142\u0119bianie studni, wstawianie nowych okiem na strychu i kopanie do\u0142u pod s\u0142awojk\u0119.<\/br>W Chatce znajduj\u0105 si\u0119 prowadzone przez wiele lat kroniki, oraz ksi\u0105\u017cka rob\u00f3t, kt\u00f3re zosta\u0142y spo\u0142ecznie wykonane w budynku i w obej\u015bciu.<\/font><\/p>\n&nbsp;&nbsp;&nbsp;<img decoding=\"async\" src=\"http:\/\/www.chatkaornitologa.pl\/wp-content\/uploads\/2020\/04\/02-0778_191.jpg\" alt=\"osuszanie przyziemia budynku\" width=\"250\" \/>&nbsp;&nbsp;<img decoding=\"async\" src=\"http:\/\/www.chatkaornitologa.pl\/wp-content\/uploads\/2020\/04\/02-0778_192.jpg\" alt=\"osuszanie przyziemia budynku\" width=\"250\" \/><\/br>\n<img decoding=\"async\" src=\"http:\/\/www.chatkaornitologa.pl\/wp-content\/uploads\/2020\/04\/06-5147_18.jpg\" alt=\"wstawianie nowych okien\" width=\"650\" \/><\/br>&nbsp;&nbsp;&nbsp;<img decoding=\"async\" src=\"http:\/\/www.chatkaornitologa.pl\/wp-content\/uploads\/2020\/04\/02-0779_161.jpg\" alt=\"pog\u0142\u0119bianie studni\" width=\"250\" \/>&nbsp;&nbsp;<img decoding=\"async\" src=\"http:\/\/www.chatkaornitologa.pl\/wp-content\/uploads\/2020\/04\/02-2102_146.jpg\" alt=\"budowa bramy wjazdowej\" width=\"250\" \/><\/br><img decoding=\"async\" src=\"http:\/\/www.chatkaornitologa.pl\/wp-content\/uploads\/2020\/04\/02-0778_184.jpg\" alt=\"kopanie do\u0142u dla s\u0142awojki\" width=\"650\" \/><\/br>&nbsp;&nbsp;&nbsp;<img decoding=\"async\" src=\"http:\/\/www.chatkaornitologa.pl\/wp-content\/uploads\/2020\/05\/02-1250_234.jpg\" alt=\"\" width=\"250\" \/>&nbsp;&nbsp;<img decoding=\"async\" src=\"http:\/\/www.chatkaornitologa.pl\/wp-content\/uploads\/2020\/05\/02-2514_092.jpg\" alt=\"\" width=\"250\" \/><\/br><img decoding=\"async\" src=\"http:\/\/www.chatkaornitologa.pl\/wp-content\/uploads\/2020\/04\/02-0778_185.jpg\" alt=\"Chatka jak\u0105 zastali\u015bmy\" width=\"650\" \/><\/br><img decoding=\"async\" src=\"http:\/\/www.chatkaornitologa.pl\/wp-content\/uploads\/2020\/04\/02-0778_190.jpg\" alt=\"odpoczynek\" width=\"650\" \/><hr>\n\n\n\n<p><font size=\"2\" face=\"Verdana, Arial, New Times Roman\" color=\"#004A00\">&nbsp;&nbsp;&nbsp;W lipcu odby\u0142 si\u0119 pierwszy &#8222;Rajd Chatkowy&#8221; z udzia\u0142em przedstawicieli w\u0142adz gminy Pyzdry, mieszka\u0144c\u00f3w Bia\u0142obrzegu i turyst\u00f3w zaanga\u017cowanych w remont Chatki.<\/br>&nbsp;&nbsp;&nbsp;Od tego czasu Rajd sta\u0142 si\u0119 tradycyjnym spotkaniem os\u00f3b zwi\u0105zanych z Chatk\u0105 <\/font><\/p><img decoding=\"async\" src=\"http:\/\/www.chatkaornitologa.pl\/wp-content\/uploads\/2020\/04\/02-1097_127.jpg\" alt=\"\" width=\"650\" \/><hr>\n","protected":false},"excerpt":{"rendered":"<p>&nbsp;&nbsp;&nbsp;Pierwszy raz zobaczyli\u015bmy Chatk\u0119 jesieni\u0105 1994 podczas wytyczania pieszego szlaku turystycznego z Rudy Komorskiej do L\u0105dku. Okaza\u0142o si\u0119, \u017ce budynek i ca\u0142e obej\u015bcie w \u017cadnym stopniu nie mo\u017ce spe\u0142nia\u0107 roli schroniska, a zako\u0144czony niedawno remont zosta\u0142 wykonany nierzetelnie i bardzo nieprofesjonalnie, \u017ceby nie u\u017cywa\u0107 s\u0142\u00f3w nieparlamentarnych.&nbsp;&nbsp;&nbsp;Obecno\u015b\u0107 PTTK w Chatce (tak na powa\u017cnie) zacz\u0119\u0142a si\u0119 w &hellip; <\/p>\n<p class=\"link-more\"><a href=\"http:\/\/www.chatkaornitologa.pl\/?page_id=17\" class=\"more-link\">Czytaj dalej<span class=\"screen-reader-text\"> \u201e1995\u201d<\/span><\/a><\/p>\n","protected":false},"author":1,"featured_media":0,"parent":0,"menu_order":0,"comment_status":"closed","ping_status":"closed","template":"","meta":{"footnotes":""},"class_list":["post-17","page","type-page","status-publish","hentry"],"_links":{"self":[{"href":"http:\/\/www.chatkaornitologa.pl\/index.php?rest_route=\/wp\/v2\/pages\/17","targetHints":{"allow":["GET"]}}],"collection":[{"href":"http:\/\/www.chatkaornitologa.pl\/index.php?rest_route=\/wp\/v2\/pages"}],"about":[{"href":"http:\/\/www.chatkaornitologa.pl\/index.php?rest_route=\/wp\/v2\/types\/page"}],"author":[{"embeddable":true,"href":"http:\/\/www.chatkaornitologa.pl\/index.php?rest_route=\/wp\/v2\/users\/1"}],"replies":[{"embeddable":true,"href":"http:\/\/www.chatkaornitologa.pl\/index.php?rest_route=%2Fwp%2Fv2%2Fcomments&post=17"}],"version-history":[{"count":82,"href":"http:\/\/www.chatkaornitologa.pl\/index.php?rest_route=\/wp\/v2\/pages\/17\/revisions"}],"predecessor-version":[{"id":633,"href":"http:\/\/www.chatkaornitologa.pl\/index.php?rest_route=\/wp\/v2\/pages\/17\/revisions\/633"}],"wp:attachment":[{"href":"http:\/\/www.chatkaornitologa.pl\/index.php?rest_route=%2Fwp%2Fv2%2Fmedia&parent=17"}],"curies":[{"name":"wp","href":"https:\/\/api.w.org\/{rel}","templated":true}]}}